{"id":670,"date":"2012-02-20T10:05:46","date_gmt":"2012-02-20T10:05:46","guid":{"rendered":"http:\/\/www.orlidom.pl\/?page_id=670"},"modified":"2020-07-31T19:28:53","modified_gmt":"2020-07-31T17:28:53","slug":"bibeloty","status":"publish","type":"page","link":"http:\/\/orlidom.pl\/index.php\/bibeloty","title":{"rendered":"Gad\u017cety"},"content":{"rendered":"<p style=\"text-align: center;\"><a href=\"http:\/\/sklep.naszywki.com.pl\/index.php?p791,naszywka-godlo-polski-herb-rp\"><img loading=\"lazy\" class=\"size-full wp-image-1808 aligncenter\" title=\"naszywka god\u0142o Rzeczypospolitej\" src=\"http:\/\/www.orlidom.pl\/wp-content\/uploads\/2015\/08\/godlo_pl_dopracowane_2_of_3_500.jpg\" alt=\"naszywka god\u0142o Rzeczypospolitej\" width=\"500\" height=\"288\" srcset=\"http:\/\/orlidom.pl\/wp-content\/uploads\/2015\/08\/godlo_pl_dopracowane_2_of_3_500.jpg 500w, http:\/\/orlidom.pl\/wp-content\/uploads\/2015\/08\/godlo_pl_dopracowane_2_of_3_500-300x172.jpg 300w\" sizes=\"(max-width: 500px) 100vw, 500px\" \/><\/a>Autoryzowana naszywka z god\u0142em, herbem Rzeczypospolitej.<br \/>\n<a title=\"naszywka z god\u0142em, herbem Rzeczypospolitej\" href=\"http:\/\/naszywki24.pl\/k90,wspolpraca-projekt-orli-dom.html\" target=\"_blank\" rel=\"noopener noreferrer\">Naszywki.com.pl<\/a><\/p>\n<p style=\"text-align: center;\"><a href=\"http:\/\/orlidom.pl\/wp-content\/uploads\/2012\/02\/naszywka-orzel-z-godla-p_500.jpg\"><img loading=\"lazy\" class=\"wp-image-1949 size-full aligncenter\" src=\"http:\/\/orlidom.pl\/wp-content\/uploads\/2012\/02\/naszywka-orzel-z-godla-p_500.jpg\" alt=\"naszywka plastron orze\u0142 z god\u0142a\" width=\"500\" height=\"562\" srcset=\"http:\/\/orlidom.pl\/wp-content\/uploads\/2012\/02\/naszywka-orzel-z-godla-p_500.jpg 500w, http:\/\/orlidom.pl\/wp-content\/uploads\/2012\/02\/naszywka-orzel-z-godla-p_500-266x300.jpg 266w\" sizes=\"(max-width: 500px) 100vw, 500px\" \/><\/a><\/p>\n<p style=\"text-align: center;\">Autoryzowany du\u017cy plastron z or\u0142em, na czarn\u0105 kurtk\u0119 motocyklow\u0105.<br \/>\nWymiary: 29&#215;24,4 cm, haft maszynowy.<br \/>\n<a title=\"plastron z or\u0142em\" href=\"http:\/\/naszywki24.pl\/k90,wspolpraca-projekt-orli-dom.html\" target=\"_blank\" rel=\"noopener noreferrer\">Naszywki.com.pl<\/a><\/p>\n<p>&nbsp;<\/p>\n<p style=\"text-align: center;\"><a href=\"http:\/\/orlidom.cupsell.pl\/\"><img loading=\"lazy\" class=\"size-full wp-image-1788 aligncenter\" title=\"koszulki z or\u0142em ALW\" src=\"http:\/\/www.orlidom.pl\/wp-content\/uploads\/2012\/02\/koszulki.jpg\" alt=\"koszulki z or\u0142em ALW\" width=\"500\" height=\"229\" srcset=\"http:\/\/orlidom.pl\/wp-content\/uploads\/2012\/02\/koszulki.jpg 500w, http:\/\/orlidom.pl\/wp-content\/uploads\/2012\/02\/koszulki-300x137.jpg 300w\" sizes=\"(max-width: 500px) 100vw, 500px\" \/><\/a>Koszulki z or\u0142em z projektu &#8222;Orli Dom&#8221;.<br \/>\n<a title=\"koszulki z or\u0142em\" href=\"http:\/\/orlidom.cupsell.pl\/\" target=\"_blank\" rel=\"noopener noreferrer\">CupSell<\/a><\/p>\n<p>&nbsp;<\/p>\n<p>&nbsp;<\/p>\n<div style=\"height: 15px; margin: 30px 0px;\">\n<div style=\"width: 60px; height: 15px; background-color: #E3010F;\"><\/div>\n<\/div>\n","protected":false},"excerpt":{"rendered":"<p>Autoryzowana naszywka z god\u0142em, herbem Rzeczypospolitej. Naszywki.com.pl Autoryzowany du\u017cy plastron z or\u0142em, na czarn\u0105 kurtk\u0119 motocyklow\u0105. Wymiary: 29&#215;24,4 cm, haft maszynowy. Naszywki.com.pl &nbsp; Koszulki z or\u0142em z projektu &#8222;Orli Dom&#8221;. CupSell &nbsp; &nbsp;<\/p>\n","protected":false},"author":2,"featured_media":0,"parent":0,"menu_order":6,"comment_status":"open","ping_status":"closed","template":"","meta":[],"_links":{"self":[{"href":"http:\/\/orlidom.pl\/index.php\/wp-json\/wp\/v2\/pages\/670"}],"collection":[{"href":"http:\/\/orlidom.pl\/index.php\/wp-json\/wp\/v2\/pages"}],"about":[{"href":"http:\/\/orlidom.pl\/index.php\/wp-json\/wp\/v2\/types\/page"}],"author":[{"embeddable":true,"href":"http:\/\/orlidom.pl\/index.php\/wp-json\/wp\/v2\/users\/2"}],"replies":[{"embeddable":true,"href":"http:\/\/orlidom.pl\/index.php\/wp-json\/wp\/v2\/comments?post=670"}],"version-history":[{"count":42,"href":"http:\/\/orlidom.pl\/index.php\/wp-json\/wp\/v2\/pages\/670\/revisions"}],"predecessor-version":[{"id":2695,"href":"http:\/\/orlidom.pl\/index.php\/wp-json\/wp\/v2\/pages\/670\/revisions\/2695"}],"wp:attachment":[{"href":"http:\/\/orlidom.pl\/index.php\/wp-json\/wp\/v2\/media?parent=670"}],"curies":[{"name":"wp","href":"https:\/\/api.w.org\/{rel}","templated":true}]}}