{"id":28,"date":"2011-07-21T21:18:48","date_gmt":"2011-07-21T21:18:48","guid":{"rendered":"http:\/\/www.orlidom.pl\/?page_id=28"},"modified":"2020-07-11T19:19:40","modified_gmt":"2020-07-11T17:19:40","slug":"autorzy","status":"publish","type":"page","link":"http:\/\/orlidom.pl\/index.php\/autorzy","title":{"rendered":"Autorzy"},"content":{"rendered":"<p><img loading=\"lazy\" class=\"aligncenter size-full wp-image-1225\" title=\"alw-zakhyntos\" src=\"http:\/\/www.orlidom.pl\/wp-content\/uploads\/2011\/07\/alw-zakhyntos.jpg\" alt=\"Andrzej-Ludwik W\u0142oszczy\u0144ski\" width=\"500\" height=\"334\" srcset=\"http:\/\/orlidom.pl\/wp-content\/uploads\/2011\/07\/alw-zakhyntos.jpg 500w, http:\/\/orlidom.pl\/wp-content\/uploads\/2011\/07\/alw-zakhyntos-300x200.jpg 300w\" sizes=\"(max-width: 500px) 100vw, 500px\" \/><\/p>\n<p><span style=\"font-size: large;\">Andrzej-Ludwik W\u0142oszczy\u0144ski<\/span><br \/>\nprojektant<\/p>\n<p>Autor i projektant&nbsp; koncepcji zmodernizowanego god\u0142a Rzeczypospolitej Polskiej oraz gode\u0142 administracji pa\u0144stwa wraz z za\u0142o\u017ceniami identyfikacji wizualnej &#8211; &#8222;projektu Orli Dom&#8221;.<\/p>\n<p>Projektuje, od roku 1974, znaki &#8211; od logo, logotyp\u00f3w, herb\u00f3w,&nbsp; winiet, piktogram\u00f3w, monogram\u00f3w, po opracowania system\u00f3w&nbsp; identyfikacji wizualnej, corporate identity. Portfolio logo&nbsp; <a title=\"projektowanie logo\" href=\"http:\/\/e-alw.com\">e-alw.com<\/a><\/p>\n<p title=\"blog ALW\">Pisze&nbsp;o&nbsp;logo i wizerunku <a title=\"blog ALW\" href=\"http:\/\/alw.pl\" target=\"_blank\" rel=\"noopener noreferrer\">na w\u0142asnej stronie www.alw.pl<\/a>, na stronie <a title=\"wizerunek miasta\" href=\"http:\/\/wizerunekmiasta.pl\/\">www.wizerunekmiasta.pl<\/a>&nbsp; i w prasie fachowej. Lubi punktualno\u015b\u0107, rzetelno\u015b\u0107, dobr\u0105 wsp\u00f3\u0142prac\u0119, nowe wyzwania i&nbsp;nowe do\u015bwiadczenia.<\/p>\n<p>kontakt tel. kom. 602 22 95 44<\/p>\n<p>e-mail: alw@post.pl<\/p>\n<p>***<\/p>\n<p><span style=\"font-size: large;\">Krzysztof J. Guzek<\/span><br \/>\nHeraldyk<\/p>\n<p>Jest cz\u0142onkiem specjalistycznych towarzystw naukowych: Stowarzyszenia Mi\u0142o\u015bnik\u00f3w Dawnej Broni i Barwy oraz Polskiego Towarzystwa Weksylologicznego (cz\u0142onek-wsp\u00f3\u0142za\u0142o\u017cyciel). Do 1997 r. by\u0142 cz\u0142onkiem Polskiego Towarzystwa Heraldycznego, za\u015b obecnie (od 2006 r.) \u2013 cz\u0142onkiem Heraldycznego Towarzystwa Szkocji <em><strong>(The Heraldry Society of Scotland),<\/strong><\/em> do kt\u00f3rego zosta\u0142 przyj\u0119ty jako pierwszy heraldyk z Polski.<\/p>\n<p>Bra\u0142 udzia\u0142 w pracach specjalnych zespo\u0142\u00f3w powo\u0142anych przy Kancelarii Prezydenta Rzeczypospolitej: ds. ustalenia wzoru god\u0142a pa\u0144stwowego (1990) i ds. opracowania projektu nowej ustawy o god\u0142ach, barwach i hymnie RP (2004-2005). W latach 1990-1994 by\u0142 cz\u0142onkiem dw\u00f3ch Zespo\u0142\u00f3w Ekspert\u00f3w MON \u2013 st\u0105d jest wsp\u00f3\u0142autorem ustawy z 1993 r. \u201eO znakach Si\u0142 Zbrojnych RP\u201d i przepis\u00f3w wykonawczych do tej\u017ce ustawy. W latach 1990-1991 projektowa\u0142 oznakowanie powstaj\u0105cej Stra\u017cy Granicznej, w latach 1994-1995 by\u0142 cz\u0142onkiem Komisji Mundurowej Sztabu Generalnego WP.<\/p>\n<p>Zajmuje si\u0119 r\u00f3wnie\u017c symbolik\u0105 stra\u017cack\u0105, st\u0105d obecnie jest konsultantem Komisji Regulaminowej Zarz\u0105du G\u0142\u00f3wnego Zwi\u0105zku OSP RP. Od wielu lat zajmuje si\u0119 symbolik\u0105 samorz\u0105dow\u0105 \u2013 na tym polu ma znacz\u0105cy dorobek, w tym udzia\u0142 w sze\u015bciu \u015bwiatowych kongresach nauk heraldycznych, jako jedyny uczestnik z Polski. Posiada w swoim dorobku oko\u0142o 250 oryginalnych prac, z kt\u00f3rych ponad 70 ukaza\u0142o si\u0119 drukiem, oraz wiele referat\u00f3w na posiedzeniach naukowych towarzystw.<\/p>\n<p>***<\/p>\n<div style=\"height: 15px; margin: 30px 0px;\">\n<div style=\"width: 60px; height: 15px; background-color: #E3010F;\"><\/div>\n<\/div>\n","protected":false},"excerpt":{"rendered":"<p>Andrzej-Ludwik W\u0142oszczy\u0144ski projektant Autor i projektant&nbsp; koncepcji zmodernizowanego god\u0142a Rzeczypospolitej Polskiej oraz gode\u0142 administracji pa\u0144stwa wraz z za\u0142o\u017ceniami identyfikacji wizualnej &#8211; &#8222;projektu Orli Dom&#8221;. Projektuje, od roku 1974, znaki &#8211; od logo, logotyp\u00f3w, herb\u00f3w,&nbsp; winiet, [&hellip;]<\/p>\n","protected":false},"author":1,"featured_media":0,"parent":0,"menu_order":2,"comment_status":"open","ping_status":"open","template":"","meta":[],"_links":{"self":[{"href":"http:\/\/orlidom.pl\/index.php\/wp-json\/wp\/v2\/pages\/28"}],"collection":[{"href":"http:\/\/orlidom.pl\/index.php\/wp-json\/wp\/v2\/pages"}],"about":[{"href":"http:\/\/orlidom.pl\/index.php\/wp-json\/wp\/v2\/types\/page"}],"author":[{"embeddable":true,"href":"http:\/\/orlidom.pl\/index.php\/wp-json\/wp\/v2\/users\/1"}],"replies":[{"embeddable":true,"href":"http:\/\/orlidom.pl\/index.php\/wp-json\/wp\/v2\/comments?post=28"}],"version-history":[{"count":26,"href":"http:\/\/orlidom.pl\/index.php\/wp-json\/wp\/v2\/pages\/28\/revisions"}],"predecessor-version":[{"id":2463,"href":"http:\/\/orlidom.pl\/index.php\/wp-json\/wp\/v2\/pages\/28\/revisions\/2463"}],"wp:attachment":[{"href":"http:\/\/orlidom.pl\/index.php\/wp-json\/wp\/v2\/media?parent=28"}],"curies":[{"name":"wp","href":"https:\/\/api.w.org\/{rel}","templated":true}]}}